{"id":2131,"date":"2022-01-06T13:07:23","date_gmt":"2022-01-06T18:07:23","guid":{"rendered":"https:\/\/pharmaconsulting.pe\/?page_id=2131"},"modified":"2023-02-03T19:26:44","modified_gmt":"2023-02-04T00:26:44","slug":"alquiler-de-oficina-administrativa-para-drogueria-digemid","status":"publish","type":"page","link":"https:\/\/pharmaconsulting.pe\/es\/alquiler-de-oficina-administrativa-para-drogueria-digemid\/","title":{"rendered":"Oficina administrativa para Droguer\u00eda"},"content":{"rendered":"<div class=\"wpb-content-wrapper\"><p>[vc_row][vc_column][vc_single_image image=&#8221;2132&#8243; img_size=&#8221;full&#8221; alignment=&#8221;center&#8221;][\/vc_column][\/vc_row][vc_row][vc_column][vc_column_text]<\/p>\n<p style=\"text-align: justify;\"><span style=\"color: #333333;\">Oficinas privadas de estreno para droguer\u00edas ubicadas en el edificio empresarial Time Magdalena, en el l\u00edmite con San Isidro, a solo unas cuadras de la Av. Salaverry y a pocas cuadras del circuito de playas. Contamos con planes de alquiler para peque\u00f1as y medianas empresas, emprendedores y startups que se inician en la importaci\u00f3n, comercializaci\u00f3n o distribuci\u00f3n de productos para el cuidado de la salud.<\/span><\/p>\n<p>[\/vc_column_text][\/vc_column][\/vc_row][vc_row][vc_column][vc_empty_space][\/vc_column][\/vc_row][vc_row][vc_column]<div class=\"evc-section-title evc-shortcode \" style=\"text-align: left\">\n\t<div class=\"evc-st-inner\">\n\t\t\t\t\t<h5 class=\"evc-st-title\" style=\"color: #000000\">\n\t\t\t\tLas oficinas administrativas incluyen\t\t\t<\/h5>\n\t\t\t\t\t\t\t\t\t<\/div>\n<\/div>\n[vc_separator align=&#8221;align_left&#8221;][vc_row_inner][vc_column_inner width=&#8221;1\/2&#8243; css=&#8221;.vc_custom_1635530790544{padding-left: 10px !important;}&#8221;][vc_custom_heading text=&#8221;\u2022 Escritorio gerencial en L, sill\u00f3n gerencial, credenza y gavetero m\u00f3vil, ventilador tipo torre, 1 mesa de trabajo y sillas operativas para 2 asistentes.&#8221; font_container=&#8221;tag:p|font_size:16px|text_align:left|color:%23333333&#8243; use_theme_fonts=&#8221;yes&#8221; css=&#8221;.vc_custom_1642283368300{padding-bottom: 10px !important;padding-left: 20px !important;}&#8221;][vc_custom_heading text=&#8221;\u2022 Tarjeta de ingreso por tarjeta de proximidad HID.&#8221; font_container=&#8221;tag:p|font_size:16px|text_align:left|color:%23333333&#8243; use_theme_fonts=&#8221;yes&#8221; css=&#8221;.vc_custom_1642283377133{padding-bottom: 10px !important;padding-left: 20px !important;}&#8221;][vc_custom_heading text=&#8221;\u2022 Acceso a la terraza amoblada con zona de comedor, restaurante y equipada con microondas.&#8221; font_container=&#8221;tag:p|font_size:16px|text_align:left|color:%23333333&#8243; use_theme_fonts=&#8221;yes&#8221; css=&#8221;.vc_custom_1642283397883{padding-bottom: 10px !important;padding-left: 20px !important;}&#8221;][vc_custom_heading text=&#8221;\u2022 Acceso a 5 Salas de reuniones y auditorio (acceso previa coordinaci\u00f3n y pago).&#8221; font_container=&#8221;tag:p|font_size:16px|text_align:left|color:%23333333&#8243; use_theme_fonts=&#8221;yes&#8221; css=&#8221;.vc_custom_1642283406344{padding-bottom: 10px !important;padding-left: 20px !important;}&#8221;][\/vc_column_inner][vc_column_inner width=&#8221;1\/2&#8243;][vc_custom_heading text=&#8221;\u2022 Internet wifi por fibra \u00f3ptica.&#8221; font_container=&#8221;tag:p|font_size:16px|text_align:left|color:%23333333&#8243; use_theme_fonts=&#8221;yes&#8221; css_animation=&#8221;none&#8221; css=&#8221;.vc_custom_1642283416197{padding-bottom: 10px !important;padding-left: 20px !important;}&#8221;][vc_custom_heading text=&#8221;\u2022 Comercios cercanos: restaurantes, agencias bancarias, centros comerciales, hoteles y grifos.&#8221; font_container=&#8221;tag:p|font_size:16px|text_align:left|color:%23333333&#8243; use_theme_fonts=&#8221;yes&#8221; css=&#8221;.vc_custom_1642283425104{padding-bottom: 10px !important;padding-left: 20px !important;}&#8221;][vc_custom_heading text=&#8221;\u2022 Costos de mantenimiento.&#8221; font_container=&#8221;tag:p|font_size:16px|text_align:left|color:%23333333&#8243; use_theme_fonts=&#8221;yes&#8221; css=&#8221;.vc_custom_1642283434088{padding-bottom: 10px !important;padding-left: 20px !important;}&#8221;][\/vc_column_inner][\/vc_row_inner][\/vc_column][\/vc_row][vc_row][vc_column][vc_empty_space][\/vc_column][\/vc_row][vc_row][vc_column]<div class=\"evc-section-title evc-shortcode \" style=\"text-align: left\">\n\t<div class=\"evc-st-inner\">\n\t\t\t\t\t<h5 class=\"evc-st-title\" style=\"color: #000000\">\n\t\t\t\tEl edificio empresarial cuenta con las siguientes prestaciones\t\t\t<\/h5>\n\t\t\t\t\t\t\t\t\t<\/div>\n<\/div>\n[vc_separator align=&#8221;align_left&#8221;][vc_row_inner][vc_column_inner width=&#8221;1\/2&#8243; css=&#8221;.vc_custom_1635530790544{padding-left: 10px !important;}&#8221;][vc_custom_heading text=&#8221;\u2022 Lobby de doble altura con acceso controlado y personal de seguridad permanente&#8221; font_container=&#8221;tag:p|font_size:16px|text_align:left|color:%23333333&#8243; use_theme_fonts=&#8221;yes&#8221; css=&#8221;.vc_custom_1642283447603{padding-bottom: 10px !important;padding-left: 20px !important;}&#8221;][vc_custom_heading text=&#8221;\u2022 3 Ascensores positivos y 2 negativos&#8221; font_container=&#8221;tag:p|font_size:16px|text_align:left|color:%23333333&#8243; use_theme_fonts=&#8221;yes&#8221; css=&#8221;.vc_custom_1642283456233{padding-bottom: 10px !important;padding-left: 20px !important;}&#8221;][vc_custom_heading text=&#8221;\u2022 Servicios higi\u00e9nicos modernos para damas, caballeros, personas con discapacidad en cada piso.&#8221; font_container=&#8221;tag:p|font_size:16px|text_align:left|color:%23333333&#8243; use_theme_fonts=&#8221;yes&#8221; css=&#8221;.vc_custom_1642283464057{padding-bottom: 10px !important;padding-left: 20px !important;}&#8221;][\/vc_column_inner][vc_column_inner width=&#8221;1\/2&#8243;][vc_custom_heading text=&#8221;\u2022 Isla externa de desembarco para veh\u00edculos.&#8221; font_container=&#8221;tag:p|font_size:16px|text_align:left|color:%23333333&#8243; use_theme_fonts=&#8221;yes&#8221; css=&#8221;.vc_custom_1642283472090{padding-bottom: 10px !important;padding-left: 20px !important;}&#8221;][vc_custom_heading text=&#8221;\u2022 Acceso al estacionamiento para visitas (previa coordinaci\u00f3n y pago).&#8221; font_container=&#8221;tag:p|font_size:16px|text_align:left|color:%23333333&#8243; use_theme_fonts=&#8221;yes&#8221; css=&#8221;.vc_custom_1642283479845{padding-bottom: 10px !important;padding-left: 20px !important;}&#8221;][vc_custom_heading text=&#8221;\u2022 Circuito cerrado de c\u00e1maras de vigilancia CCTV.&#8221; font_container=&#8221;tag:p|font_size:16px|text_align:left|color:%23333333&#8243; use_theme_fonts=&#8221;yes&#8221; css=&#8221;.vc_custom_1642283487554{padding-bottom: 10px !important;padding-left: 20px !important;}&#8221;][\/vc_column_inner][\/vc_row_inner][\/vc_column][\/vc_row][vc_row][vc_column][vc_empty_space][\/vc_column][\/vc_row][vc_row][vc_column]<div class=\"evc-section-title evc-shortcode \" style=\"text-align: left\">\n\t<div class=\"evc-st-inner\">\n\t\t\t\t\t<h5 class=\"evc-st-title\" style=\"color: #000000\">\n\t\t\t\tModalidades\t\t\t<\/h5>\n\t\t\t\t\t\t\t\t\t<\/div>\n<\/div>\n[vc_separator align=&#8221;align_left&#8221;][vc_row_inner gap=&#8221;1&#8243;][vc_column_inner width=&#8221;1\/2&#8243; css=&#8221;.vc_custom_1635530790544{padding-left: 10px !important;}&#8221;][vc_custom_heading text=&#8221;\u2022 Oficina administrativa remota&#8221; font_container=&#8221;tag:p|font_size:16px|text_align:left|color:%23333333&#8243; use_theme_fonts=&#8221;yes&#8221; css=&#8221;.vc_custom_1642283497168{padding-bottom: 10px !important;padding-left: 20px !important;}&#8221;][\/vc_column_inner][vc_column_inner width=&#8221;1\/2&#8243;][vc_custom_heading text=&#8221;\u2022 Oficina administrativa presencial&#8221; font_container=&#8221;tag:p|font_size:16px|text_align:left|color:%23333333&#8243; use_theme_fonts=&#8221;yes&#8221; css=&#8221;.vc_custom_1642283505055{padding-bottom: 10px !important;padding-left: 20px !important;}&#8221;][\/vc_column_inner][\/vc_row_inner][\/vc_column][\/vc_row][vc_row][vc_column][vc_empty_space][\/vc_column][\/vc_row][vc_row][vc_column][vc_empty_space][\/vc_column][\/vc_row][vc_row][vc_column]<div class=\"evc-section-title evc-shortcode \" style=\"text-align: left\">\n\t<div class=\"evc-st-inner\">\n\t\t\t\t\t<h5 class=\"evc-st-title\" style=\"color: #000000\">\n\t\t\t\tUbicaci\u00f3n\t\t\t<\/h5>\n\t\t\t\t\t\t\t\t\t<\/div>\n<\/div>\n[vc_separator align=&#8221;align_left&#8221;][vc_gmaps link=&#8221;#E-8_JTNDaWZyYW1lJTIwc3JjJTNEJTIyaHR0cHMlM0ElMkYlMkZ3d3cuZ29vZ2xlLmNvbSUyRm1hcHMlMkZlbWJlZCUzRnBiJTNEJTIxMW0xOCUyMTFtMTIlMjExbTMlMjExZDk3NS4yODczNjYzMjc1OTU0JTIxMmQtNzcuMDU5Mjg0MTI4NDM2MTYlMjEzZC0xMi4xMDE5MTg0ODA4MjU3NzMlMjEybTMlMjExZjAlMjEyZjAlMjEzZjAlMjEzbTIlMjExaTEwMjQlMjEyaTc2OCUyMTRmMTMuMSUyMTNtMyUyMTFtMiUyMTFzMHg5MTA1Yzk0M2RmNWJjMDQzJTI1M0EweGU1MzIwMzIwOWZiMmQyMDglMjEyc0VkaWZpY2lvJTI1MjBFbXByZXNhcmlhbCUyNTIwVGltZSUyNTIwTWFnZGFsZW5hJTIxNWUwJTIxM20yJTIxMXNlcyUyMTJzcGUlMjE0djE2MzQ0NDQ5MzE5ODglMjE1bTIlMjExc2VzJTIxMnNwZSUyMiUyMHdpZHRoJTNEJTIyNjAwJTIyJTIwaGVpZ2h0JTNEJTIyNDUwJTIyJTIwc3R5bGUlM0QlMjJib3JkZXIlM0EwJTNCJTIyJTIwYWxsb3dmdWxsc2NyZWVuJTNEJTIyJTIyJTIwbG9hZGluZyUzRCUyMmxhenklMjIlM0UlM0MlMkZpZnJhbWUlM0U=&#8221;][\/vc_column][\/vc_row][vc_row][vc_column][vc_empty_space][\/vc_column][\/vc_row][vc_row][vc_column]<div class=\"evc-section-title evc-shortcode \" style=\"text-align: left\">\n\t<div class=\"evc-st-inner\">\n\t\t\t\t\t<h5 class=\"evc-st-title\" style=\"color: #000000\">\n\t\t\t\tPreguntas Frecuentes (FAQ)\t\t\t<\/h5>\n\t\t\t\t\t\t\t\t\t<\/div>\n<\/div>\n[vc_separator align=&#8221;align_left&#8221;][\/vc_column][\/vc_row][vc_row][vc_column][vc_toggle title=&#8221;\u00bfPor qu\u00e9 necesito alquilar una oficina administrativa?&#8221; open=&#8221;true&#8221;]<span style=\"color: #333333;\">DIGEMID exige que las droguer\u00edas cuenten con una oficina administrativa para uso exclusivo del establecimiento farmac\u00e9utico, adem\u00e1s, esta no puede encontrarse dentro de consultorios m\u00e9dicos profesionales, campos feriales, edificios de vivienda, galer\u00edas, tiendas, locales comerciales, etc.<\/span>[\/vc_toggle][vc_toggle title=&#8221;\u00bfCu\u00e1les son los requisitos para registrar mi empresa como droguer\u00eda?&#8221; open=&#8221;true&#8221;]<span style=\"color: #333333;\">\u2022 Una empresa constituida y registrada en SUNAT<\/span><\/p>\n<p><span style=\"color: #333333;\">\u2022 Nombre comercial<\/span><\/p>\n<p><span style=\"color: #333333;\">\u2022 Director t\u00e9cnico (Qu\u00edmico farmac\u00e9utico)<\/span><\/p>\n<p><span style=\"color: #333333;\">\u2022 Representante legal<\/span><\/p>\n<p><span style=\"color: #333333;\">\u2022 Oficina administrativa (de uso exclusivo para el establecimiento)<\/span><\/p>\n<p><span style=\"color: #333333;\">\u2022 Espacio de almacenamiento certificado en BPA<\/span>[\/vc_toggle][vc_toggle title=&#8221;\u00bfNecesito una droguer\u00eda para obtener un registro sanitario?&#8221; open=&#8221;true&#8221;]<span style=\"color: #333333;\">Seg\u00fan las leyes y normas actuales, solo pueden obtener registros sanitarios aquellas empresas o personas naturales registradas como droguer\u00edas o laboratorios ante DIGEMID.<\/span>[\/vc_toggle][vc_toggle title=&#8221;\u00bfQu\u00e9 es una droguer\u00eda?&#8221; open=&#8221;true&#8221;]<span style=\"color: #333333;\">Una droguer\u00eda es una empresa registrada como establecimiento farmac\u00e9utico ante las Autoridades Sanitarias del pa\u00eds y que se dedica a la importaci\u00f3n, almacenamiento, distribuci\u00f3n y comercializaci\u00f3n de productos farmac\u00e9uticos, dispositivos m\u00e9dicos, equipos biom\u00e9dicos, dispositivos electrom\u00e9dicos o productos sanitarios.<\/span>[\/vc_toggle][\/vc_column][\/vc_row][vc_row][vc_column][vc_empty_space][\/vc_column][\/vc_row][vc_row][vc_column el_class=&#8221;default-form-services&#8221;]<div class=\"evc-section-title evc-shortcode \" style=\"text-align: left\">\n\t<div class=\"evc-st-inner\">\n\t\t\t\t\t<h5 class=\"evc-st-title\" style=\"color: #000000\">\n\t\t\t\tCont\u00e1ctenos\t\t\t<\/h5>\n\t\t\t\t\t\t\t\t\t<\/div>\n<\/div>\n[vc_separator align=&#8221;align_left&#8221;]\n<div class=\"wpcf7 no-js\" id=\"wpcf7-f1799-o1\" lang=\"es-ES\" dir=\"ltr\" data-wpcf7-id=\"1799\">\n<div class=\"screen-reader-response\"><p role=\"status\" aria-live=\"polite\" aria-atomic=\"true\"><\/p> <ul><\/ul><\/div>\n<form action=\"\/es\/wp-json\/wp\/v2\/pages\/2131#wpcf7-f1799-o1\" method=\"post\" class=\"wpcf7-form init\" aria-label=\"Contact form\" novalidate=\"novalidate\" data-status=\"init\">\n<div style=\"display: none;\">\n<input type=\"hidden\" name=\"_wpcf7\" value=\"1799\" \/>\n<input type=\"hidden\" name=\"_wpcf7_version\" value=\"6.0.6\" \/>\n<input type=\"hidden\" name=\"_wpcf7_locale\" value=\"es_ES\" \/>\n<input type=\"hidden\" name=\"_wpcf7_unit_tag\" value=\"wpcf7-f1799-o1\" \/>\n<input type=\"hidden\" name=\"_wpcf7_container_post\" value=\"0\" \/>\n<input type=\"hidden\" name=\"_wpcf7_posted_data_hash\" value=\"\" \/>\n<input type=\"hidden\" name=\"_wpcf7_recaptcha_response\" value=\"\" \/>\n<\/div>\n<div class=\"row-10 clearfix\">\n\t<div class=\"col-md-4 co-sm-6 col-xs-12\">\n\t\t<div class=\"form-group\">\n\t\t\t<p><span class=\"wpcf7-form-control-wrap\" data-name=\"form_name\"><input size=\"40\" maxlength=\"400\" class=\"wpcf7-form-control wpcf7-text wpcf7-validates-as-required form-control\" aria-required=\"true\" aria-invalid=\"false\" placeholder=\"Nombre *\" value=\"\" type=\"text\" name=\"form_name\" \/><\/span>\n\t\t\t<\/p>\n\t\t<\/div>\n\t\t<div class=\"form-group\">\n\t\t\t<p><span class=\"wpcf7-form-control-wrap\" data-name=\"form_email\"><input size=\"40\" maxlength=\"400\" class=\"wpcf7-form-control wpcf7-email wpcf7-validates-as-required wpcf7-text wpcf7-validates-as-email form-control required email\" aria-required=\"true\" aria-invalid=\"false\" placeholder=\"Correo electr\u00f3nico *\" value=\"\" type=\"email\" name=\"form_email\" \/><\/span>\n\t\t\t<\/p>\n\t\t<\/div>\n\t<\/div>\n\t<div class=\"col-md-8 co-sm-6 col-xs-12\">\n\t\t<div class=\"form-group style-2\">\n\t\t\t<p><span class=\"wpcf7-form-control-wrap\" data-name=\"form_message\"><textarea cols=\"40\" rows=\"10\" maxlength=\"2000\" class=\"wpcf7-form-control wpcf7-textarea form-control textarea required\" aria-invalid=\"false\" placeholder=\"Mensaje\" name=\"form_message\"><\/textarea><\/span>\n\t\t\t<\/p>\n\t\t<\/div>\n\t<\/div>\n\t<div class=\"col-md-12 col-sm-12 col-xs-12\">\n\t\t<p><input class=\"wpcf7-form-control wpcf7-submit has-spinner thm-btn thm-color\" type=\"submit\" value=\"ENVIAR\" \/>\n\t\t<\/p>\n\t<\/div>\n<\/div><p style=\"display: none !important;\" class=\"akismet-fields-container\" data-prefix=\"_wpcf7_ak_\"><label>&#916;<textarea name=\"_wpcf7_ak_hp_textarea\" cols=\"45\" rows=\"8\" maxlength=\"100\"><\/textarea><\/label><input type=\"hidden\" id=\"ak_js_1\" name=\"_wpcf7_ak_js\" value=\"49\"\/><script>document.getElementById( \"ak_js_1\" ).setAttribute( \"value\", ( new Date() ).getTime() );<\/script><\/p><div class=\"wpcf7-response-output\" aria-hidden=\"true\"><\/div>\n<\/form>\n<\/div>\n[\/vc_column][\/vc_row][vc_row][vc_column][vc_column_text]<\/p>\n<h6><span style=\"color: #333333;\">Cont\u00e1ctenos al WhatsApp <a href=\"https:\/\/wa.me\/51997556699\" target=\"_blank\" rel=\"noopener\">997556699<\/a> o mediante el correo <a href=\"mailto:info@pharmaconsulting.pe\" target=\"_blank\" rel=\"noopener\">info@pharmaconsulting.pe<\/a> y cotice nuestro servicio de alquiler de oficinas administrativas para droguer\u00edas en Per\u00fa.<\/span><\/h6>\n<p>[\/vc_column_text][vc_empty_space height=&#8221;64px&#8221;][\/vc_column][\/vc_row][vc_row full_width=&#8221;stretch_row&#8221; css=&#8221;.vc_custom_1632406745652{background-color: #28348a !important;}&#8221;][vc_column width=&#8221;1\/3&#8243;][vc_single_image image=&#8221;1299&#8243; img_size=&#8221;full&#8221; css=&#8221;.vc_custom_1634595483584{margin-top: 10px !important;}&#8221;][\/vc_column][vc_column width=&#8221;2\/3&#8243;][vc_column_text]<\/p>\n<h5 style=\"text-align: center; margin-top: 8px;\"><span style=\"color: #ffffff;\">Con m\u00e1s de 15 a\u00f1os de experiencia, nos aseguraremos de que obtenga la mejor orientaci\u00f3n.<\/span><\/h5>\n<p>[\/vc_column_text][\/vc_column][\/vc_row]<\/p>\n<\/div>","protected":false},"excerpt":{"rendered":"<p>[vc_row][vc_column][vc_single_image image=&#8221;2132&#8243; img_size=&#8221;full&#8221; alignment=&#8221;center&#8221;][\/vc_column][\/vc_row][vc_row][vc_column][vc_column_text] Oficinas privadas de estreno para droguer\u00edas ubicadas en el edificio empresarial Time Magdalena, en el l\u00edmite con San Isidro, a solo unas cuadras de la Av. Salaverry y a pocas cuadras del circuito de playas. Contamos con planes de alquiler para peque\u00f1as y medianas empresas, emprendedores y startups que se inician<\/p>\n","protected":false},"author":2,"featured_media":0,"parent":0,"menu_order":0,"comment_status":"closed","ping_status":"closed","template":"","meta":{"footnotes":""},"class_list":["post-2131","page","type-page","status-publish","hentry"],"_links":{"self":[{"href":"https:\/\/pharmaconsulting.pe\/es\/wp-json\/wp\/v2\/pages\/2131","targetHints":{"allow":["GET"]}}],"collection":[{"href":"https:\/\/pharmaconsulting.pe\/es\/wp-json\/wp\/v2\/pages"}],"about":[{"href":"https:\/\/pharmaconsulting.pe\/es\/wp-json\/wp\/v2\/types\/page"}],"author":[{"embeddable":true,"href":"https:\/\/pharmaconsulting.pe\/es\/wp-json\/wp\/v2\/users\/2"}],"replies":[{"embeddable":true,"href":"https:\/\/pharmaconsulting.pe\/es\/wp-json\/wp\/v2\/comments?post=2131"}],"version-history":[{"count":5,"href":"https:\/\/pharmaconsulting.pe\/es\/wp-json\/wp\/v2\/pages\/2131\/revisions"}],"predecessor-version":[{"id":2724,"href":"https:\/\/pharmaconsulting.pe\/es\/wp-json\/wp\/v2\/pages\/2131\/revisions\/2724"}],"wp:attachment":[{"href":"https:\/\/pharmaconsulting.pe\/es\/wp-json\/wp\/v2\/media?parent=2131"}],"curies":[{"name":"wp","href":"https:\/\/api.w.org\/{rel}","templated":true}]}}