{"id":1629,"date":"2021-10-31T16:06:52","date_gmt":"2021-10-31T16:06:52","guid":{"rendered":"https:\/\/pharmaconsulting.pe\/?page_id=1629"},"modified":"2024-03-08T11:02:28","modified_gmt":"2024-03-08T16:02:28","slug":"registro-productos-de-higiene-cuidado-personal","status":"publish","type":"page","link":"https:\/\/pharmaconsulting.pe\/es\/registro-productos-de-higiene-cuidado-personal\/","title":{"rendered":"Registro Sanitario de Productos de Higiene y Cuidado Personal"},"content":{"rendered":"<div class=\"wpb-content-wrapper\"><p>[vc_row][vc_column][vc_single_image image=&#8221;1709&#8243; img_size=&#8221;full&#8221; alignment=&#8221;center&#8221;][vc_column_text]<\/p>\n<p style=\"text-align: justify;\"><span style=\"color: #333333;\">La notificaci\u00f3n sanitaria obligatoria (NSO) o registro es la autorizaci\u00f3n otorgada por DIGEMID para fabricar, importar, almacenar o distribuir productos destinados a la higiene y cuidado personal. Esta autorizaci\u00f3n se expide despu\u00e9s de la evaluaci\u00f3n de solicitud de registro del producto.<\/span><\/p>\n<p>[\/vc_column_text][vc_column_text]<\/p>\n<p style=\"text-align: justify;\"><span style=\"color: #333333;\">El registro sanitario constituye un requisito obligatorio para introducir un producto en el mercado.<\/span><\/p>\n<p>[\/vc_column_text][vc_message]<\/p>\n<p style=\"text-align: justify;\"><span style=\"color: #333333;\"><strong>Dato regulatorio<\/strong>: Per\u00fa pertenece a la Comunidad Andina de Naciones (CAN) y las autorizaciones obtenidas en el pa\u00eds tienen validez en los dem\u00e1s pa\u00edses de la comunidad: Bolivia, Colombia y Ecuador.<\/span><\/p>\n<p>[\/vc_message][\/vc_column][\/vc_row][vc_row][vc_column][vc_empty_space][\/vc_column][\/vc_row][vc_row][vc_column][vc_custom_heading text=&#8221;Productos de higiene y cuidado personal&#8221; font_container=&#8221;tag:h6|text_align:left&#8221; use_theme_fonts=&#8221;yes&#8221;][vc_empty_space height=&#8221;16px&#8221;][vc_column_text]<\/p>\n<p style=\"text-align: justify;\"><span style=\"color: #333333;\">Este grupo incluye a aquellos productos destinados a absorber o retener las secreciones, excreciones, y flujos \u00edntimos en la higiene personal. Esta categor\u00eda es distinta a la de <a href=\"https:\/\/pharmaconsulting.pe\/es\/notificacion-sanitaria-obligatoria-nso-de-productos-cosmeticos\/\">productos cosm\u00e9ticos<\/a>, cuya funci\u00f3n principal es proteger o mejorar el aspecto de la piel y cabello. Puede encontrar m\u00e1s informaci\u00f3n sobre los productos cosm\u00e9ticos haciendo <a href=\"https:\/\/pharmaconsulting.pe\/es\/notificacion-sanitaria-obligatoria-nso-de-productos-cosmeticos\/\">clic aqu\u00ed<\/a>.<\/span><\/p>\n<p>[\/vc_column_text][\/vc_column][\/vc_row][vc_row][vc_column][vc_row_inner][vc_column_inner width=&#8221;1\/2&#8243;][vc_column_text]<\/p>\n<p style=\"text-align: justify;\"><span style=\"color: #333333;\">Ejemplos:<\/span><\/p>\n<p>[\/vc_column_text][vc_column_text]<\/p>\n<p style=\"text-align: justify;\"><span style=\"color: #333333;\">\u2022 Toallas higi\u00e9nicas, protectores diarios.<\/span><\/p>\n<p>[\/vc_column_text][vc_column_text]<\/p>\n<p style=\"text-align: justify;\"><span style=\"color: #333333;\">\u2022 Pa\u00f1ales desechables, toallas desechables para adulto, ropa interior desechable, pa\u00f1ales para adulto, protector desechable para cama.<\/span><\/p>\n<p>[\/vc_column_text][vc_column_text]<\/p>\n<p style=\"text-align: justify;\"><span style=\"color: #333333;\">\u2022 Desodorante, desodorante en spray, desodorante antitranspirante, desodorante para los pies.<\/span><\/p>\n<p>[\/vc_column_text][vc_column_text]<\/p>\n<p style=\"text-align: justify;\"><span style=\"color: #333333;\">\u2022 Pa\u00f1itos h\u00famedos, pa\u00f1itos h\u00famedos para beb\u00e9, toallitas desmaquillantes, discos desmaquillantes, pa\u00f1uelos faciales, esponja facial.<\/span><\/p>\n<p>[\/vc_column_text][\/vc_column_inner][vc_column_inner width=&#8221;1\/2&#8243;][vc_column_text]<\/p>\n<p style=\"text-align: justify;\"><span style=\"color: #333333;\">\u2022 Tampones, tamp\u00f3n digital, tamp\u00f3n con aplicador, copa menstrual.<\/span><\/p>\n<p>[\/vc_column_text][vc_column_text]<\/p>\n<p style=\"text-align: justify;\"><span style=\"color: #333333;\">\u2022 Protectores de lactancia<\/span><\/p>\n<p>[\/vc_column_text][vc_column_text]<\/p>\n<p style=\"text-align: justify;\"><span style=\"color: #333333;\">\u2022 Hisopos, cotonetes, hisopos para beb\u00e9.<\/span><\/p>\n<p>[\/vc_column_text][vc_column_text]<\/p>\n<p style=\"text-align: justify;\"><span style=\"color: #333333;\">\u2022 Espuma de afeitar.<\/span><\/p>\n<p>[\/vc_column_text][\/vc_column_inner][\/vc_row_inner][vc_column_text]<\/p>\n<p style=\"text-align: justify;\"><span style=\"color: #333333;\">Otros productos tales como gasa, gasa est\u00e9ril, hisopo cervical, ap\u00f3sitos, algod\u00f3n, banditas (curitas), tap\u00f3n nasal, esponja hemost\u00e1tica, preservativos y m\u00e9todos anticonceptivos de barrera son considerados <a href=\"https:\/\/pharmaconsulting.pe\/es\/registro-de-equipos-y-dispositivos-medicos\/\">dispositivos m\u00e9dicos<\/a>.<\/span><\/p>\n<p>[\/vc_column_text][\/vc_column][\/vc_row][vc_row][vc_column][vc_empty_space][\/vc_column][\/vc_row][vc_row][vc_column]<div class=\"evc-section-title evc-shortcode \" style=\"text-align: left\">\n\t<div class=\"evc-st-inner\">\n\t\t\t\t\t<h5 class=\"evc-st-title\" style=\"color: #000000\">\n\t\t\t\tEtapas del Servicio\t\t\t<\/h5>\n\t\t\t\t\t\t\t\t\t<\/div>\n<\/div>\n[vc_separator align=&#8221;align_left&#8221;][\/vc_column][\/vc_row][vc_row][vc_column][vc_tta_tabs active_section=&#8221;3&#8243; pagination_style=&#8221;outline-square&#8221;][vc_tta_section title=&#8221;Estrategia Regulatoria&#8221; tab_id=&#8221;1632514595199-685ed1a5-a2d67eb7-c1fa&#8221;]<div class=\"evc-icon-with-text evc-shortcode  evc-iwt-icon-left\">\n\t<div class=\"evc-iwt-icon-holder\">\n\t\t\t\n\t<span class=\"evc-iwt-icon far fa-lightbulb\" ><\/span>\n\t<\/div>\n\t<div class=\"evc-iwt-content\">\n\t\t\t<p class=\"evc-iwt-text\" style=\"color: #333333\">Idearemos la estrategia regulatoria m\u00e1s adecuada para el registro de sus productos.<\/p>\n\t<\/div>\n<\/div>\n[\/vc_tta_section][vc_tta_section title=&#8221;Evaluaci\u00f3n&#8221; tab_id=&#8221;1632514595212-bf10e867-be107eb7-c1fa&#8221;]<div class=\"evc-icon-with-text evc-shortcode  evc-iwt-icon-left\">\n\t<div class=\"evc-iwt-icon-holder\">\n\t\t\t\n\t<span class=\"evc-iwt-icon fas fa-search\" ><\/span>\n\t<\/div>\n\t<div class=\"evc-iwt-content\">\n\t\t\t<p class=\"evc-iwt-text\" style=\"color: #333333\">Evaluaremos la documentaci\u00f3n t\u00e9cnica, cient\u00edfica y regulatoria brindada por el fabricante.<\/p>\n\t<\/div>\n<\/div>\n[\/vc_tta_section][vc_tta_section title=&#8221;Aplicaci\u00f3n&#8221; tab_id=&#8221;1632514885308-5d9bd856-b0127eb7-c1fa&#8221;]<div class=\"evc-icon-with-text evc-shortcode  evc-iwt-icon-left\">\n\t<div class=\"evc-iwt-icon-holder\">\n\t\t\t\n\t<span class=\"evc-iwt-icon far fa-folder-open\" ><\/span>\n\t<\/div>\n\t<div class=\"evc-iwt-content\">\n\t\t\t<p class=\"evc-iwt-text\" style=\"color: #333333\">Prepararemos un expediente de registro completo y env\u00edo de la solicitud de registro a DIGEMID.<\/p>\n\t<\/div>\n<\/div>\n[\/vc_tta_section][vc_tta_section title=&#8221;Seguimiento&#8221; tab_id=&#8221;1632514886811-d22d2eb2-04d67eb7-c1fa&#8221;]<div class=\"evc-icon-with-text evc-shortcode  evc-iwt-icon-left\">\n\t<div class=\"evc-iwt-icon-holder\">\n\t\t\t\n\t<span class=\"evc-iwt-icon far fa-eye\" ><\/span>\n\t<\/div>\n\t<div class=\"evc-iwt-content\">\n\t\t\t<p class=\"evc-iwt-text\" style=\"color: #333333\">Realizaremos el seguimiento a las solicitudes de registro sanitario. Responderemos a las consultas y observaciones de los evaluadores de DIGEMID.<\/p>\n\t<\/div>\n<\/div>\n[\/vc_tta_section][\/vc_tta_tabs][\/vc_column][\/vc_row][vc_row][vc_column][vc_empty_space height=&#8221;16px&#8221;][\/vc_column][\/vc_row][vc_row][vc_column]<div class=\"evc-section-title evc-shortcode \" style=\"text-align: left\">\n\t<div class=\"evc-st-inner\">\n\t\t\t\t\t<h5 class=\"evc-st-title\" style=\"color: #000000\">\n\t\t\t\tServicios Espec\u00edficos\t\t\t<\/h5>\n\t\t\t\t\t\t\t\t\t<\/div>\n<\/div>\n[vc_separator align=&#8221;align_left&#8221;][\/vc_column][\/vc_row][vc_row gap=&#8221;10&#8243; equal_height=&#8221;yes&#8221;][vc_column width=&#8221;1\/4&#8243; css=&#8221;.vc_custom_1632412235670{margin-top: 5px !important;margin-bottom: 30px !important;border-top-width: 1px !important;border-right-width: 1px !important;border-bottom-width: 1px !important;border-left-width: 1px !important;padding-top: 5px !important;padding-right: 5px !important;padding-bottom: 15px !important;padding-left: 5px !important;border-left-color: #eeeeee !important;border-left-style: solid !important;border-right-color: #eeeeee !important;border-right-style: solid !important;border-top-color: #eeeeee !important;border-top-style: solid !important;border-bottom-color: #eeeeee !important;border-bottom-style: solid !important;}&#8221;]<div class=\"evc-section-title evc-shortcode services_content\" style=\"text-align: center\">\n\t<div class=\"evc-st-inner\">\n\t\t\t\t\t<h4 class=\"evc-st-title\" style=\"color: #222222\">\n\t\t\t\tDispositivos M\u00e9dicos\t\t\t<\/h4>\n\t\t\t\t\t\t\t\t\t<p class=\"evc-st-text\" style=\"color: #333333;margin-top: 25px\">\n\t\t\t\tEquipos biom\u00e9dicos de tecnolog\u00eda controlada, equipos electrom\u00e9dicos y sistemas electrom\u00e9dicos.\t\t\t<\/p>\n\t\t\t\t\t\t\t<div class=\"evc-st-button\">\n\t\t\t\t<a class=\"evc-button evc-shortcode  evc-btn-solid evc-btn-large \" href=\"https:\/\/pharmaconsulting.pe\/es\/registro-de-equipos-y-dispositivos-medicos\/\" title=\"Ver M\u00e1s\" style=\"background-color: #28348a\" data-hover-color=\"#28348a\" data-hover-background-color=\"#eeeeee\">\n\t\t<span class=\"evc-btn-text\">Ver M\u00e1s<\/span>\n<\/a>\n\t\t\t<\/div>\n\t\t\t<\/div>\n<\/div>\n[\/vc_column][vc_column width=&#8221;1\/4&#8243; css=&#8221;.vc_custom_1632413747432{margin-top: 5px !important;margin-bottom: 30px !important;border-top-width: 1px !important;border-right-width: 1px !important;border-bottom-width: 1px !important;border-left-width: 1px !important;padding-top: 5px !important;padding-right: 5px !important;padding-bottom: 15px !important;padding-left: 5px !important;border-left-color: #eeeeee !important;border-left-style: solid !important;border-right-color: #eeeeee !important;border-right-style: solid !important;border-top-color: #eeeeee !important;border-top-style: solid !important;border-bottom-color: #eeeeee !important;border-bottom-style: solid !important;}&#8221;]<div class=\"evc-section-title evc-shortcode services_content\" style=\"text-align: center\">\n\t<div class=\"evc-st-inner\">\n\t\t\t\t\t<h4 class=\"evc-st-title\" style=\"color: #222222\">\n\t\t\t\tIVD\t\t\t<\/h4>\n\t\t\t\t\t\t\t\t\t<p class=\"evc-st-text\" style=\"color: #333333;margin-top: 25px\">\n\t\t\t\tDispositivos m\u00e9dicos de diagn\u00f3stico in vitro, analizadores bioqu\u00edmicos, equipos de laboratorio y reactivos.\t\t\t<\/p>\n\t\t\t\t\t\t\t<div class=\"evc-st-button\">\n\t\t\t\t<a class=\"evc-button evc-shortcode  evc-btn-solid evc-btn-large \" href=\"\/es\/registro-de-dispositivos-diagnostico-in-vitro-ivd\/\" title=\"Ver M\u00e1s\" style=\"color: #ffffff;background-color: #28348a\" data-hover-color=\"#28348a\" data-hover-background-color=\"#eeeeee\">\n\t\t<span class=\"evc-btn-text\">VER M\u00c1S<\/span>\n<\/a>\n\t\t\t<\/div>\n\t\t\t<\/div>\n<\/div>\n[\/vc_column][vc_column width=&#8221;1\/4&#8243; css=&#8221;.vc_custom_1632413809824{margin-top: 5px !important;margin-bottom: 30px !important;border-top-width: 1px !important;border-right-width: 1px !important;border-bottom-width: 1px !important;border-left-width: 1px !important;padding-top: 5px !important;padding-right: 5px !important;padding-bottom: 15px !important;padding-left: 5px !important;border-left-color: #eeeeee !important;border-left-style: solid !important;border-right-color: #eeeeee !important;border-right-style: solid !important;border-top-color: #eeeeee !important;border-top-style: solid !important;border-bottom-color: #eeeeee !important;border-bottom-style: solid !important;}&#8221;]<div class=\"evc-section-title evc-shortcode services_content\" style=\"text-align: center\">\n\t<div class=\"evc-st-inner\">\n\t\t\t\t\t<h4 class=\"evc-st-title\" style=\"color: #222222\">\n\t\t\t\tProductos Cosm\u00e9ticos\t\t\t<\/h4>\n\t\t\t\t\t\t\t\t\t<p class=\"evc-st-text\" style=\"color: #333333;margin-top: 25px\">\n\t\t\t\tCosm\u00e9ticos, perfumes, esmaltes, maquillaje para el rostro, depilatorios, desmaquillantes y m\u00e1s.\t\t\t<\/p>\n\t\t\t\t\t\t\t<div class=\"evc-st-button\">\n\t\t\t\t<a class=\"evc-button evc-shortcode  evc-btn-solid evc-btn-large \" href=\"\/es\/notificacion-sanitaria-obligatoria-nso-de-productos-cosmeticos\/\" title=\"Ver M\u00e1s\" style=\"color: #ffffff;background-color: #28348a\" data-hover-color=\"#28348a\" data-hover-background-color=\"#eeeeee\">\n\t\t<span class=\"evc-btn-text\">VER M\u00c1S<\/span>\n<\/a>\n\t\t\t<\/div>\n\t\t\t<\/div>\n<\/div>\n[\/vc_column][vc_column width=&#8221;1\/4&#8243; css=&#8221;.vc_custom_1634228452849{margin-top: 5px !important;margin-bottom: 30px !important;border-top-width: 1px !important;border-right-width: 1px !important;border-bottom-width: 1px !important;border-left-width: 1px !important;padding-top: 5px !important;padding-right: 5px !important;padding-bottom: 15px !important;padding-left: 5px !important;border-left-color: #eeeeee !important;border-left-style: solid !important;border-right-color: #eeeeee !important;border-right-style: solid !important;border-top-color: #eeeeee !important;border-top-style: solid !important;border-bottom-color: #eeeeee !important;border-bottom-style: solid !important;}&#8221;]<div class=\"evc-section-title evc-shortcode services_content\" style=\"text-align: center\">\n\t<div class=\"evc-st-inner\">\n\t\t\t\t\t<h4 class=\"evc-st-title\" style=\"color: #222222\">\n\t\t\t\tProductos de higiene dom\u00e9stica\t\t\t<\/h4>\n\t\t\t\t\t\t\t\t\t<p class=\"evc-st-text\" style=\"color: #333333;margin-top: 25px\">\n\t\t\t\tDetergentes, limpiadores de superficies, desinfectantes y otros productos para la higiene del hogar.\t\t\t<\/p>\n\t\t\t\t\t\t\t<div class=\"evc-st-button\">\n\t\t\t\t<a class=\"evc-button evc-shortcode  evc-btn-solid evc-btn-large \" href=\"\/es\/notificacion-sanitaria-obligatoria-nso-productos-de-limpieza-registro-desinfectantes\/\" title=\"Ver M\u00e1s\" style=\"color: #ffffff;background-color: #28348a\" data-hover-color=\"#28348a\" data-hover-background-color=\"#eeeeee\">\n\t\t<span class=\"evc-btn-text\">VER M\u00c1S<\/span>\n<\/a>\n\t\t\t<\/div>\n\t\t\t<\/div>\n<\/div>\n[\/vc_column][\/vc_row][vc_row][vc_column][vc_empty_space][\/vc_column][\/vc_row][vc_row][vc_column el_class=&#8221;default-form-services&#8221;]<div class=\"evc-section-title evc-shortcode \" style=\"text-align: left\">\n\t<div class=\"evc-st-inner\">\n\t\t\t\t\t<h5 class=\"evc-st-title\" style=\"color: #000000\">\n\t\t\t\tCont\u00e1ctenos\t\t\t<\/h5>\n\t\t\t\t\t\t\t\t\t<\/div>\n<\/div>\n[vc_separator align=&#8221;align_left&#8221;][vc_custom_heading text=&#8221;Env\u00edenos un mensaje utilizando el siguiente formulario, le responderemos tan pronto como sea posible. Los campos marcados con un asterisco (*) son obligatorios.&#8221; font_container=&#8221;tag:h5|text_align:left&#8221; use_theme_fonts=&#8221;yes&#8221;][vc_empty_space height=&#8221;16px&#8221;]\n<div class=\"wpcf7 no-js\" id=\"wpcf7-f1799-o1\" lang=\"es-ES\" dir=\"ltr\" data-wpcf7-id=\"1799\">\n<div class=\"screen-reader-response\"><p role=\"status\" aria-live=\"polite\" aria-atomic=\"true\"><\/p> <ul><\/ul><\/div>\n<form action=\"\/es\/wp-json\/wp\/v2\/pages\/1629#wpcf7-f1799-o1\" method=\"post\" class=\"wpcf7-form init\" aria-label=\"Contact form\" novalidate=\"novalidate\" data-status=\"init\">\n<div style=\"display: none;\">\n<input type=\"hidden\" name=\"_wpcf7\" value=\"1799\" \/>\n<input type=\"hidden\" name=\"_wpcf7_version\" value=\"6.0.6\" \/>\n<input type=\"hidden\" name=\"_wpcf7_locale\" value=\"es_ES\" \/>\n<input type=\"hidden\" name=\"_wpcf7_unit_tag\" value=\"wpcf7-f1799-o1\" \/>\n<input type=\"hidden\" name=\"_wpcf7_container_post\" value=\"0\" \/>\n<input type=\"hidden\" name=\"_wpcf7_posted_data_hash\" value=\"\" \/>\n<input type=\"hidden\" name=\"_wpcf7_recaptcha_response\" value=\"\" \/>\n<\/div>\n<div class=\"row-10 clearfix\">\n\t<div class=\"col-md-4 co-sm-6 col-xs-12\">\n\t\t<div class=\"form-group\">\n\t\t\t<p><span class=\"wpcf7-form-control-wrap\" data-name=\"form_name\"><input size=\"40\" maxlength=\"400\" class=\"wpcf7-form-control wpcf7-text wpcf7-validates-as-required form-control\" aria-required=\"true\" aria-invalid=\"false\" placeholder=\"Nombre *\" value=\"\" type=\"text\" name=\"form_name\" \/><\/span>\n\t\t\t<\/p>\n\t\t<\/div>\n\t\t<div class=\"form-group\">\n\t\t\t<p><span class=\"wpcf7-form-control-wrap\" data-name=\"form_email\"><input size=\"40\" maxlength=\"400\" class=\"wpcf7-form-control wpcf7-email wpcf7-validates-as-required wpcf7-text wpcf7-validates-as-email form-control required email\" aria-required=\"true\" aria-invalid=\"false\" placeholder=\"Correo electr\u00f3nico *\" value=\"\" type=\"email\" name=\"form_email\" \/><\/span>\n\t\t\t<\/p>\n\t\t<\/div>\n\t<\/div>\n\t<div class=\"col-md-8 co-sm-6 col-xs-12\">\n\t\t<div class=\"form-group style-2\">\n\t\t\t<p><span class=\"wpcf7-form-control-wrap\" data-name=\"form_message\"><textarea cols=\"40\" rows=\"10\" maxlength=\"2000\" class=\"wpcf7-form-control wpcf7-textarea form-control textarea required\" aria-invalid=\"false\" placeholder=\"Mensaje\" name=\"form_message\"><\/textarea><\/span>\n\t\t\t<\/p>\n\t\t<\/div>\n\t<\/div>\n\t<div class=\"col-md-12 col-sm-12 col-xs-12\">\n\t\t<p><input class=\"wpcf7-form-control wpcf7-submit has-spinner thm-btn thm-color\" type=\"submit\" value=\"ENVIAR\" \/>\n\t\t<\/p>\n\t<\/div>\n<\/div><p style=\"display: none !important;\" class=\"akismet-fields-container\" data-prefix=\"_wpcf7_ak_\"><label>&#916;<textarea name=\"_wpcf7_ak_hp_textarea\" cols=\"45\" rows=\"8\" maxlength=\"100\"><\/textarea><\/label><input type=\"hidden\" id=\"ak_js_1\" name=\"_wpcf7_ak_js\" value=\"229\"\/><script>document.getElementById( \"ak_js_1\" ).setAttribute( \"value\", ( new Date() ).getTime() );<\/script><\/p><div class=\"wpcf7-response-output\" aria-hidden=\"true\"><\/div>\n<\/form>\n<\/div>\n[vc_empty_space height=&#8221;16px&#8221;][\/vc_column][\/vc_row][vc_row][vc_column width=&#8221;1\/2&#8243;][vc_column_text css=&#8221;.vc_custom_1670952487685{padding-top: 30px !important;padding-right: 15px !important;padding-bottom: 30px !important;padding-left: 15px !important;}&#8221;]<\/p>\n<h5><span style=\"color: #333333;\">Cont\u00e1ctenos en WhatsApp al 997 556 699, <a href=\"https:\/\/wa.me\/message\/QOAQ7DG7ZJG2C1\" target=\"_blank\" rel=\"noopener\">haciendo clic aqu\u00ed<\/a>, escanee el c\u00f3digo QR con su smartphone o escr\u00edbanos al correo <a href=\"mailto:info@pharmaconsulting.pe\" target=\"_blank\" rel=\"noopener\">informes@pharmaconsulting.pe<\/a> y cotice nuestro servicio de registro sanitario de productos para la higiene y el cuidado personal.<\/span><\/h5>\n<p>[\/vc_column_text][\/vc_column][vc_column width=&#8221;1\/2&#8243;][vc_single_image image=&#8221;2455&#8243; img_size=&#8221;medium&#8221; alignment=&#8221;center&#8221;][\/vc_column][\/vc_row][vc_row][vc_column][vc_empty_space][\/vc_column][\/vc_row][vc_row full_width=&#8221;stretch_row&#8221; css=&#8221;.vc_custom_1632406745652{background-color: #28348a !important;}&#8221;][vc_column width=&#8221;1\/3&#8243;][vc_single_image image=&#8221;579&#8243; img_size=&#8221;full&#8221; css=&#8221;.vc_custom_1635822955744{margin-top: 10px !important;}&#8221;][\/vc_column][vc_column width=&#8221;2\/3&#8243;][vc_column_text]<\/p>\n<h5 style=\"text-align: center; margin-top: 8px;\"><span style=\"color: #ffffff;\">Con m\u00e1s de 15 a\u00f1os de experiencia, nos aseguraremos de que obtenga la mejor orientaci\u00f3n.<\/span><\/h5>\n<p>[\/vc_column_text][\/vc_column][\/vc_row]<\/p>\n<\/div>","protected":false},"excerpt":{"rendered":"<p>[vc_row][vc_column][vc_single_image image=&#8221;1709&#8243; img_size=&#8221;full&#8221; alignment=&#8221;center&#8221;][vc_column_text] La notificaci\u00f3n sanitaria obligatoria (NSO) o registro es la autorizaci\u00f3n otorgada por DIGEMID para fabricar, importar, almacenar o distribuir productos destinados a la higiene y cuidado personal. Esta autorizaci\u00f3n se expide despu\u00e9s de la evaluaci\u00f3n de solicitud de registro del producto. [\/vc_column_text][vc_column_text] El registro sanitario constituye un requisito obligatorio para introducir<\/p>\n","protected":false},"author":2,"featured_media":0,"parent":0,"menu_order":0,"comment_status":"closed","ping_status":"closed","template":"","meta":{"footnotes":""},"class_list":["post-1629","page","type-page","status-publish","hentry"],"_links":{"self":[{"href":"https:\/\/pharmaconsulting.pe\/es\/wp-json\/wp\/v2\/pages\/1629","targetHints":{"allow":["GET"]}}],"collection":[{"href":"https:\/\/pharmaconsulting.pe\/es\/wp-json\/wp\/v2\/pages"}],"about":[{"href":"https:\/\/pharmaconsulting.pe\/es\/wp-json\/wp\/v2\/types\/page"}],"author":[{"embeddable":true,"href":"https:\/\/pharmaconsulting.pe\/es\/wp-json\/wp\/v2\/users\/2"}],"replies":[{"embeddable":true,"href":"https:\/\/pharmaconsulting.pe\/es\/wp-json\/wp\/v2\/comments?post=1629"}],"version-history":[{"count":5,"href":"https:\/\/pharmaconsulting.pe\/es\/wp-json\/wp\/v2\/pages\/1629\/revisions"}],"predecessor-version":[{"id":2944,"href":"https:\/\/pharmaconsulting.pe\/es\/wp-json\/wp\/v2\/pages\/1629\/revisions\/2944"}],"wp:attachment":[{"href":"https:\/\/pharmaconsulting.pe\/es\/wp-json\/wp\/v2\/media?parent=1629"}],"curies":[{"name":"wp","href":"https:\/\/api.w.org\/{rel}","templated":true}]}}