{"id":1083,"date":"2021-10-07T15:32:53","date_gmt":"2021-10-07T15:32:53","guid":{"rendered":"https:\/\/ph.evodev.cz\/?page_id=1083"},"modified":"2022-05-11T11:53:33","modified_gmt":"2022-05-11T16:53:33","slug":"inicio-de-actividades-digemid-nuevas-droguerias","status":"publish","type":"page","link":"https:\/\/pharmaconsulting.pe\/es\/inicio-de-actividades-digemid-nuevas-droguerias\/","title":{"rendered":"Inicio de actividades para droguer\u00edas"},"content":{"rendered":"<div class=\"wpb-content-wrapper\"><p>[vc_row][vc_column][vc_single_image image=&#8221;2318&#8243; img_size=&#8221;full&#8221; alignment=&#8221;center&#8221;][\/vc_column][\/vc_row][vc_row][vc_column][vc_column_text]<\/p>\n<p style=\"text-align: justify;\"><span style=\"color: #333333;\">Conjunto de servicios pensado para peque\u00f1as y medianas empresas, emprendedores y startups que se inician en la importaci\u00f3n, comercializaci\u00f3n o distribuci\u00f3n de productos farmac\u00e9uticos, productos biol\u00f3gicos,<\/span> <a href=\"https:\/\/pharmaconsulting.pe\/es\/registro-sanitario-de-suplementos-dieteticos-y-edulcorantes-digemid\/\">suplementos diet\u00e9ticos y vitaminas<\/a><span style=\"color: #333333;\">,<\/span> <a href=\"https:\/\/pharmaconsulting.pe\/es\/registro-de-equipos-y-dispositivos-medicos\/\">equipos biom\u00e9dicos<\/a><span style=\"color: #333333;\">,<\/span> <a href=\"https:\/\/pharmaconsulting.pe\/es\/registro-de-equipos-y-dispositivos-medicos\/\">dispositivos m\u00e9dicos y electrom\u00e9dicos<\/a><span style=\"color: #333333;\">,<\/span> <span style=\"color: #333333;\">productos sanitarios,<\/span> <a href=\"https:\/\/pharmaconsulting.pe\/es\/notificacion-sanitaria-obligatoria-nso-de-productos-cosmeticos\/\">cosm\u00e9ticos<\/a><span style=\"color: #333333;\">,<\/span> <a href=\"https:\/\/pharmaconsulting.pe\/es\/notificacion-sanitaria-obligatoria-nso-productos-de-limpieza-registro-desinfectantes\/\">productos de higiene dom\u00e9stica<\/a><span style=\"color: #333333;\">,<\/span> <a href=\"https:\/\/pharmaconsulting.pe\/es\/notificacion-sanitaria-para-la-importacion-y-comercializacion-ambientadores-aromatizantes-aceites-esenciales\/\">ambientadores y aromatizantes<\/a><span style=\"color: #333333;\">,<\/span> <a href=\"https:\/\/pharmaconsulting.pe\/es\/registro-productos-de-higiene-cuidado-personal\/\">productos absorbentes de higiene personal<\/a> <span style=\"color: #333333;\">y art\u00edculos para beb\u00e9.<\/span><\/p>\n<p>[\/vc_column_text][vc_empty_space][\/vc_column][\/vc_row][vc_row][vc_column]<div class=\"evc-section-title evc-shortcode \" style=\"text-align: left\">\n\t<div class=\"evc-st-inner\">\n\t\t\t\t\t<h5 class=\"evc-st-title\" style=\"color: #000000\">\n\t\t\t\tNuestro servicio de inicio de actividades para droguer\u00eda\t\t\t<\/h5>\n\t\t\t\t\t\t\t\t\t<\/div>\n<\/div>\n[vc_separator align=&#8221;align_left&#8221;][vc_row_inner][vc_column_inner width=&#8221;1\/2&#8243; css=&#8221;.vc_custom_1635530790544{padding-left: 10px !important;}&#8221;][vc_custom_heading text=&#8221;\u2022 Contratos de duraci\u00f3n flexible de acuerdo a la necesidad de su negocio.&#8221; font_container=&#8221;tag:p|font_size:16px|text_align:left|color:%23333333&#8243; use_theme_fonts=&#8221;yes&#8221; css_animation=&#8221;none&#8221; css=&#8221;.vc_custom_1642283255964{padding-bottom: 10px !important;padding-left: 20px !important;}&#8221;][vc_custom_heading text=&#8221;\u2022 Constituci\u00f3n de su empresa como droguer\u00eda ante DIGEMID.&#8221; font_container=&#8221;tag:p|font_size:16px|text_align:left|color:%23333333&#8243; use_theme_fonts=&#8221;yes&#8221; css_animation=&#8221;none&#8221; css=&#8221;.vc_custom_1641831516983{padding-bottom: 10px !important;padding-left: 20px !important;}&#8221;][vc_custom_heading text=&#8221;\u2022 Obtenci\u00f3n de la autorizaci\u00f3n sanitaria de funcionamiento emitida por DIGEMID.&#8221; font_container=&#8221;tag:p|font_size:16px|text_align:left|color:%23333333&#8243; use_theme_fonts=&#8221;yes&#8221; css=&#8221;.vc_custom_1641831528515{padding-bottom: 10px !important;padding-left: 20px !important;}&#8221;][vc_custom_heading text=&#8221;\u2022 Certificaci\u00f3n en Buenas Pr\u00e1cticas de Almacenamiento (BPA).&#8221; font_container=&#8221;tag:p|font_size:16px|text_align:left|color:%23333333&#8243; use_theme_fonts=&#8221;yes&#8221; css=&#8221;.vc_custom_1641831546192{padding-bottom: 10px !important;padding-left: 20px !important;}&#8221;][\/vc_column_inner][vc_column_inner width=&#8221;1\/2&#8243;][vc_custom_heading text=&#8221;\u2022 Asesoramiento para el almacenamiento de productos seg\u00fan las normas vigentes de BPA.&#8221; font_container=&#8221;tag:p|font_size:16px|text_align:left|color:%23333333&#8243; use_theme_fonts=&#8221;yes&#8221; css_animation=&#8221;none&#8221; css=&#8221;.vc_custom_1641831554937{padding-bottom: 10px !important;padding-left: 20px !important;}&#8221;][vc_custom_heading text=&#8221;\u2022 Soporte para el proceso de coordinaci\u00f3n con proveedores extranjeros.&#8221; font_container=&#8221;tag:p|font_size:16px|text_align:left|color:%23333333&#8243; use_theme_fonts=&#8221;yes&#8221; css_animation=&#8221;none&#8221; css=&#8221;.vc_custom_1641831563404{padding-bottom: 10px !important;padding-left: 20px !important;}&#8221;][vc_custom_heading text=&#8221;\u2022 Evaluaci\u00f3n del etiquetado de sus productos controlados.&#8221; font_container=&#8221;tag:p|font_size:16px|text_align:left|color:%23333333&#8243; use_theme_fonts=&#8221;yes&#8221; css=&#8221;.vc_custom_1641831578762{padding-bottom: 10px !important;padding-left: 20px !important;}&#8221;][vc_custom_heading text=&#8221;\u2022 Asesoramiento permanente a cargo de un profesional Qu\u00edmico Farmac\u00e9utico con experiencia en el rubro.&#8221; font_container=&#8221;tag:p|font_size:16px|text_align:left|color:%23333333&#8243; use_theme_fonts=&#8221;yes&#8221; css=&#8221;.vc_custom_1641831586782{padding-bottom: 10px !important;padding-left: 20px !important;}&#8221;][\/vc_column_inner][\/vc_row_inner][\/vc_column][\/vc_row][vc_row][vc_column][vc_empty_space height=&#8221;64px&#8221;][\/vc_column][\/vc_row][vc_row][vc_column]<div class=\"evc-section-title evc-shortcode \" style=\"text-align: left\">\n\t<div class=\"evc-st-inner\">\n\t\t\t\t\t<h5 class=\"evc-st-title\" style=\"color: #000000\">\n\t\t\t\tNuestra Ventaja Competitiva\t\t\t<\/h5>\n\t\t\t\t\t\t\t\t\t<\/div>\n<\/div>\n[vc_separator align=&#8221;align_left&#8221;][\/vc_column][\/vc_row][vc_row][vc_column][vc_tta_tabs active_section=&#8221;1&#8243; pagination_style=&#8221;outline-square&#8221;][vc_tta_section title=&#8221;Compromiso&#8221; tab_id=&#8221;1632514595199-685ed1a5-a2d6&#8243;]<div class=\"evc-icon-with-text evc-shortcode  evc-iwt-icon-left\">\n\t<div class=\"evc-iwt-icon-holder\">\n\t\t\t\n\t<span class=\"evc-iwt-icon fas fa-user-tie\" ><\/span>\n\t<\/div>\n\t<div class=\"evc-iwt-content\">\n\t\t\t<p class=\"evc-iwt-text\" style=\"color: #333333\">Estamos comprometidos a actuar de manera honesta, justa, profesional y en el mejor inter\u00e9s de nuestros clientes.<\/p>\n\t<\/div>\n<\/div>\n[\/vc_tta_section][vc_tta_section title=&#8221;Organizaci\u00f3n&#8221; tab_id=&#8221;1632514595212-bf10e867-be10&#8243;]<div class=\"evc-icon-with-text evc-shortcode  evc-iwt-icon-left\">\n\t<div class=\"evc-iwt-icon-holder\">\n\t\t\t\n\t<span class=\"evc-iwt-icon far fa-building\" ><\/span>\n\t<\/div>\n\t<div class=\"evc-iwt-content\">\n\t\t\t<p class=\"evc-iwt-text\" style=\"color: #333333\">Contamos con un equipo capacitado y un Director T\u00e9cnico responsable a tiempo completo.<\/p>\n\t<\/div>\n<\/div>\n[\/vc_tta_section][vc_tta_section title=&#8221;Formalidad&#8221; tab_id=&#8221;1632514885308-5d9bd856-b012&#8243;]<div class=\"evc-icon-with-text evc-shortcode  evc-iwt-icon-left\">\n\t<div class=\"evc-iwt-icon-holder\">\n\t\t\t\n\t<span class=\"evc-iwt-icon fas fa-balance-scale\" ><\/span>\n\t<\/div>\n\t<div class=\"evc-iwt-content\">\n\t\t\t<p class=\"evc-iwt-text\" style=\"color: #333333\">Estamos legalmente establecidos en Per\u00fa y autorizados por DIGEMID.<\/p>\n\t<\/div>\n<\/div>\n[\/vc_tta_section][vc_tta_section title=&#8221;BPA&#8221; tab_id=&#8221;1632514886811-d22d2eb2-04d6&#8243;]<div class=\"evc-icon-with-text evc-shortcode  evc-iwt-icon-left\">\n\t<div class=\"evc-iwt-icon-holder\">\n\t\t\t\n\t<span class=\"evc-iwt-icon fas fa-warehouse\" ><\/span>\n\t<\/div>\n\t<div class=\"evc-iwt-content\">\n\t\t\t<p class=\"evc-iwt-text\" style=\"color: #333333\">Contamos con una cartera de proveedores de almacenamiento certificados en BPA.<\/p>\n\t<\/div>\n<\/div>\n[\/vc_tta_section][\/vc_tta_tabs][\/vc_column][\/vc_row][vc_row][vc_column][vc_empty_space][\/vc_column][\/vc_row][vc_row][vc_column]<div class=\"evc-section-title evc-shortcode \" style=\"text-align: left\">\n\t<div class=\"evc-st-inner\">\n\t\t\t\t\t<h5 class=\"evc-st-title\" style=\"color: #000000\">\n\t\t\t\tPreguntas Frecuentes (FAQ)\t\t\t<\/h5>\n\t\t\t\t\t\t\t\t\t<\/div>\n<\/div>\n[vc_separator align=&#8221;align_left&#8221;][\/vc_column][\/vc_row][vc_row][vc_column][vc_toggle title=&#8221;\u00bfQu\u00e9 es una droguer\u00eda?&#8221; open=&#8221;true&#8221;]<span style=\"color: #333333;\">Una droguer\u00eda es una empresa registrada como establecimiento farmac\u00e9utico ante las Autoridades Sanitarias del pa\u00eds y que se dedica a la importaci\u00f3n, almacenamiento, distribuci\u00f3n y comercializaci\u00f3n de productos farmac\u00e9uticos, dispositivos m\u00e9dicos, equipos biom\u00e9dicos, dispositivos electrom\u00e9dicos o productos sanitarios.<\/span>[\/vc_toggle][vc_toggle title=&#8221;\u00bfQu\u00e9 es un registro sanitario?&#8221; open=&#8221;true&#8221;]<span style=\"color: #333333;\">El registro sanitario es la autorizaci\u00f3n otorgada por DIGEMID que permite la fabricaci\u00f3n, importaci\u00f3n, almacenamiento, distribuci\u00f3n, comercializaci\u00f3n, dispensaci\u00f3n y venta de mercanc\u00edas restringidas tales como los productos farmac\u00e9uticos y dispositivos m\u00e9dicos, previa evaluaci\u00f3n en base a criterios de eficacia, seguridad, calidad y funcionabilidad. El registro sanitario tiene una vigencia de 5 a\u00f1os.<\/span>[\/vc_toggle][vc_toggle title=&#8221;\u00bfNecesito una droguer\u00eda para obtener un registro sanitario?&#8221; open=&#8221;true&#8221;]<span style=\"color: #333333;\">Seg\u00fan las leyes y normas actuales, solo pueden obtener registros sanitarios aquellas empresas o personas naturales registradas como droguer\u00edas o laboratorios ante DIGEMID.<\/span>[\/vc_toggle][vc_toggle title=&#8221;\u00bfCu\u00e1les son los requisitos para registrar mi empresa como droguer\u00eda?&#8221; open=&#8221;true&#8221;]<span style=\"color: #333333;\">\u2022 Una empresa constituida y registrada en SUNAT<\/span><\/p>\n<p><span style=\"color: #333333;\">\u2022 Nombre comercial<\/span><\/p>\n<p><span style=\"color: #333333;\">\u2022 Director t\u00e9cnico (Qu\u00edmico farmac\u00e9utico)<\/span><\/p>\n<p><span style=\"color: #333333;\">\u2022 Representante legal<\/span><\/p>\n<p><span style=\"color: #333333;\">\u2022 Oficina administrativa<\/span><\/p>\n<p><span style=\"color: #333333;\">\u2022 Espacio de almacenamiento certificado en BPA<\/span>[\/vc_toggle][\/vc_column][\/vc_row][vc_row][vc_column][vc_empty_space][\/vc_column][\/vc_row][vc_row][vc_column el_class=&#8221;default-form-services&#8221;]<div class=\"evc-section-title evc-shortcode \" style=\"text-align: left\">\n\t<div class=\"evc-st-inner\">\n\t\t\t\t\t<h5 class=\"evc-st-title\" style=\"color: #000000\">\n\t\t\t\tCont\u00e1ctenos\t\t\t<\/h5>\n\t\t\t\t\t\t\t\t\t<\/div>\n<\/div>\n[vc_separator align=&#8221;align_left&#8221;][vc_custom_heading text=&#8221;Env\u00edenos un mensaje utilizando el siguiente formulario, le responderemos tan pronto como sea posible. Los campos marcados con un asterisco (*) son obligatorios.&#8221; font_container=&#8221;tag:h5|text_align:left&#8221; use_theme_fonts=&#8221;yes&#8221;][vc_empty_space height=&#8221;16px&#8221;]\n<div class=\"wpcf7 no-js\" id=\"wpcf7-f1799-o1\" lang=\"es-ES\" dir=\"ltr\" data-wpcf7-id=\"1799\">\n<div class=\"screen-reader-response\"><p role=\"status\" aria-live=\"polite\" aria-atomic=\"true\"><\/p> <ul><\/ul><\/div>\n<form action=\"\/es\/wp-json\/wp\/v2\/pages\/1083#wpcf7-f1799-o1\" method=\"post\" class=\"wpcf7-form init\" aria-label=\"Contact form\" novalidate=\"novalidate\" data-status=\"init\">\n<div style=\"display: none;\">\n<input type=\"hidden\" name=\"_wpcf7\" value=\"1799\" \/>\n<input type=\"hidden\" name=\"_wpcf7_version\" value=\"6.0.6\" \/>\n<input type=\"hidden\" name=\"_wpcf7_locale\" value=\"es_ES\" \/>\n<input type=\"hidden\" name=\"_wpcf7_unit_tag\" value=\"wpcf7-f1799-o1\" \/>\n<input type=\"hidden\" name=\"_wpcf7_container_post\" value=\"0\" \/>\n<input type=\"hidden\" name=\"_wpcf7_posted_data_hash\" value=\"\" \/>\n<input type=\"hidden\" name=\"_wpcf7_recaptcha_response\" value=\"\" \/>\n<\/div>\n<div class=\"row-10 clearfix\">\n\t<div class=\"col-md-4 co-sm-6 col-xs-12\">\n\t\t<div class=\"form-group\">\n\t\t\t<p><span class=\"wpcf7-form-control-wrap\" data-name=\"form_name\"><input size=\"40\" maxlength=\"400\" class=\"wpcf7-form-control wpcf7-text wpcf7-validates-as-required form-control\" aria-required=\"true\" aria-invalid=\"false\" placeholder=\"Nombre *\" value=\"\" type=\"text\" name=\"form_name\" \/><\/span>\n\t\t\t<\/p>\n\t\t<\/div>\n\t\t<div class=\"form-group\">\n\t\t\t<p><span class=\"wpcf7-form-control-wrap\" data-name=\"form_email\"><input size=\"40\" maxlength=\"400\" class=\"wpcf7-form-control wpcf7-email wpcf7-validates-as-required wpcf7-text wpcf7-validates-as-email form-control required email\" aria-required=\"true\" aria-invalid=\"false\" placeholder=\"Correo electr\u00f3nico *\" value=\"\" type=\"email\" name=\"form_email\" \/><\/span>\n\t\t\t<\/p>\n\t\t<\/div>\n\t<\/div>\n\t<div class=\"col-md-8 co-sm-6 col-xs-12\">\n\t\t<div class=\"form-group style-2\">\n\t\t\t<p><span class=\"wpcf7-form-control-wrap\" data-name=\"form_message\"><textarea cols=\"40\" rows=\"10\" maxlength=\"2000\" class=\"wpcf7-form-control wpcf7-textarea form-control textarea required\" aria-invalid=\"false\" placeholder=\"Mensaje\" name=\"form_message\"><\/textarea><\/span>\n\t\t\t<\/p>\n\t\t<\/div>\n\t<\/div>\n\t<div class=\"col-md-12 col-sm-12 col-xs-12\">\n\t\t<p><input class=\"wpcf7-form-control wpcf7-submit has-spinner thm-btn thm-color\" type=\"submit\" value=\"ENVIAR\" \/>\n\t\t<\/p>\n\t<\/div>\n<\/div><p style=\"display: none !important;\" class=\"akismet-fields-container\" data-prefix=\"_wpcf7_ak_\"><label>&#916;<textarea name=\"_wpcf7_ak_hp_textarea\" cols=\"45\" rows=\"8\" maxlength=\"100\"><\/textarea><\/label><input type=\"hidden\" id=\"ak_js_1\" name=\"_wpcf7_ak_js\" value=\"208\"\/><script>document.getElementById( \"ak_js_1\" ).setAttribute( \"value\", ( new Date() ).getTime() );<\/script><\/p><div class=\"wpcf7-response-output\" aria-hidden=\"true\"><\/div>\n<\/form>\n<\/div>\n[vc_empty_space height=&#8221;16px&#8221;][\/vc_column][\/vc_row][vc_row][vc_column width=&#8221;1\/2&#8243;][vc_column_text css=&#8221;.vc_custom_1652287511349{padding-top: 30px !important;padding-right: 15px !important;padding-bottom: 30px !important;padding-left: 15px !important;}&#8221;]<\/p>\n<h5><span style=\"color: #333333;\">Cont\u00e1ctenos en WhatsApp al 997556699, <a href=\"https:\/\/wa.me\/message\/QOAQ7DG7ZJG2C1\" target=\"_blank\" rel=\"noopener\">haciendo clic aqu\u00ed<\/a>, escanee el c\u00f3digo QR con su smartphone o escr\u00edbanos al correo <a href=\"mailto:info@pharmaconsulting.pe\" target=\"_blank\" rel=\"noopener\">informes@pharmaconsulting.pe<\/a> y cotice nuestro servicio de inicio de actividades para nuevas droguer\u00edas en Per\u00fa.<\/span><\/h5>\n<p>[\/vc_column_text][\/vc_column][vc_column width=&#8221;1\/2&#8243;][vc_single_image image=&#8221;2455&#8243; img_size=&#8221;&#8221; alignment=&#8221;center&#8221;][\/vc_column][\/vc_row][vc_row][vc_column][vc_empty_space][\/vc_column][\/vc_row][vc_row full_width=&#8221;stretch_row&#8221; css=&#8221;.vc_custom_1632406745652{background-color: #28348a !important;}&#8221;][vc_column width=&#8221;1\/3&#8243;][vc_single_image image=&#8221;1299&#8243; img_size=&#8221;full&#8221; css=&#8221;.vc_custom_1634595483584{margin-top: 10px !important;}&#8221;][\/vc_column][vc_column width=&#8221;2\/3&#8243;][vc_column_text]<\/p>\n<h5 style=\"text-align: center; margin-top: 8px;\"><span style=\"color: #ffffff;\">Con m\u00e1s de 15 a\u00f1os de experiencia, nos aseguraremos de que obtenga la mejor orientaci\u00f3n.<\/span><\/h5>\n<p>[\/vc_column_text][\/vc_column][\/vc_row]<\/p>\n<\/div>","protected":false},"excerpt":{"rendered":"<p>[vc_row][vc_column][vc_single_image image=&#8221;2318&#8243; img_size=&#8221;full&#8221; alignment=&#8221;center&#8221;][\/vc_column][\/vc_row][vc_row][vc_column][vc_column_text] Conjunto de servicios pensado para peque\u00f1as y medianas empresas, emprendedores y startups que se inician en la importaci\u00f3n, comercializaci\u00f3n o distribuci\u00f3n de productos farmac\u00e9uticos, productos biol\u00f3gicos, suplementos diet\u00e9ticos y vitaminas, equipos biom\u00e9dicos, dispositivos m\u00e9dicos y electrom\u00e9dicos, productos sanitarios, cosm\u00e9ticos, productos de higiene dom\u00e9stica, ambientadores y aromatizantes, productos absorbentes de higiene personal<\/p>\n","protected":false},"author":2,"featured_media":0,"parent":0,"menu_order":0,"comment_status":"closed","ping_status":"closed","template":"","meta":{"footnotes":""},"class_list":["post-1083","page","type-page","status-publish","hentry"],"_links":{"self":[{"href":"https:\/\/pharmaconsulting.pe\/es\/wp-json\/wp\/v2\/pages\/1083","targetHints":{"allow":["GET"]}}],"collection":[{"href":"https:\/\/pharmaconsulting.pe\/es\/wp-json\/wp\/v2\/pages"}],"about":[{"href":"https:\/\/pharmaconsulting.pe\/es\/wp-json\/wp\/v2\/types\/page"}],"author":[{"embeddable":true,"href":"https:\/\/pharmaconsulting.pe\/es\/wp-json\/wp\/v2\/users\/2"}],"replies":[{"embeddable":true,"href":"https:\/\/pharmaconsulting.pe\/es\/wp-json\/wp\/v2\/comments?post=1083"}],"version-history":[{"count":5,"href":"https:\/\/pharmaconsulting.pe\/es\/wp-json\/wp\/v2\/pages\/1083\/revisions"}],"predecessor-version":[{"id":2619,"href":"https:\/\/pharmaconsulting.pe\/es\/wp-json\/wp\/v2\/pages\/1083\/revisions\/2619"}],"wp:attachment":[{"href":"https:\/\/pharmaconsulting.pe\/es\/wp-json\/wp\/v2\/media?parent=1083"}],"curies":[{"name":"wp","href":"https:\/\/api.w.org\/{rel}","templated":true}]}}